{"id":2935,"date":"2024-10-14T11:57:27","date_gmt":"2024-10-14T11:57:27","guid":{"rendered":"https:\/\/wordpress.themehause.com\/donat\/?page_id=2935"},"modified":"2026-01-16T15:14:39","modified_gmt":"2026-01-16T15:14:39","slug":"testimonials","status":"publish","type":"page","link":"https:\/\/ilmia.community\/index.php\/testimonials\/","title":{"rendered":"T\u00e9moignages"},"content":{"rendered":"\t\t<div data-elementor-type=\"wp-page\" data-elementor-id=\"2935\" class=\"elementor elementor-2935\" data-elementor-post-type=\"page\">\n\t\t\t\t<div class=\"elementor-element elementor-element-f0b87ce e-flex e-con-boxed e-con e-parent\" data-id=\"f0b87ce\" data-element_type=\"container\">\n\t\t\t\t\t<div class=\"e-con-inner\">\n\t\t\r\n\t\t<div class=\"elementor-element elementor-element-0f78c66 elementor-widget elementor-widget-donatsectiontitle\" data-id=\"0f78c66\" data-element_type=\"widget\" data-widget_type=\"donatsectiontitle.default\">\n\t\t\t\t<div class=\"elementor-widget-container\">\n\t\t\t\t\t\t\t<div class=\"title-area text-left text-center\">\r\n\t\t\t<span class=\"sub-title2 sub-title after-none before-none\"><i class=\"text-theme far fa-heart\"><\/i>T\u00e9moignages<\/span><h2 class=\"sec-title \">Que disent nos b\u00e9n\u00e9ficiaires ?<\/h2>\t\t<\/div>\r\n\r\n\t\t\t\t\t<\/div>\n\t\t\t\t<\/div>\n\t\t\t\t<div class=\"elementor-element elementor-element-2b59cda elementor-widget elementor-widget-donattestimonialslider\" data-id=\"2b59cda\" data-element_type=\"widget\" data-widget_type=\"donattestimonialslider.default\">\n\t\t\t\t<div class=\"elementor-widget-container\">\n\t\t\t\t\t<div class=\"row gy-30\"><div class=\"col-lg-6\"><div class=\"testi-card3\"><div class=\"testi-card-shape\" data-mask-src=\"http:\/\/ilmia.community\/wp-content\/uploads\/2026\/01\/559197703_738876025865210_56512220138918990_n.jpg\"><\/div><div class=\"testi-card_review\">\r\n\t                                <i class=\"fas fa-star\"><\/i>\r\n\t                              5.0\r\n\t                            <\/div><div class=\"testi-card_profile\"><div class=\"box-thumb\"><img decoding=\"async\" src=\"http:\/\/ilmia.community\/wp-content\/uploads\/2026\/01\/559197703_738876025865210_56512220138918990_n.jpg\" alt=\"559197703_738876025865210_56512220138918990_n\"  \/><div class=\"quote-icon\">\r\n\t                                    <i class=\"fal fa-quote-right\"><\/i>\r\n\t                                <\/div><\/div><div class=\"media-left\"><h3 class=\"testi-card_name\">Kin\u00e9 GUEYE<\/h3><span class=\"testi-card_desig\">CEO ILMIA<\/span><\/div><\/div><p class=\"testi-card_text\">Ilmia agit pour garantir l\u2019acc\u00e8s \u00e0 une \u00e9ducation de qualit\u00e9 aux enfants d\u00e9favoris\u00e9s, en accompagnant leur scolarisation \u00e0 travers des bourses, du mentorat, des\n\u00e9quipements et un soutien aux enseignants et aux familles. L\u2019association s\u2019engage \u00e9galement \u00e0 renforcer la r\u00e9silience des communaut\u00e9s en d\u00e9veloppant des\ninitiatives li\u00e9es \u00e0 l\u2019acc\u00e8s \u00e0 l\u2019eau potable, \u00e0 la pr\u00e9servation de l\u2019environnement et \u00e0 la promotion d\u2019un cadre de vie sain<\/p><\/div><\/div><div class=\"col-lg-6\"><div class=\"testi-card3\"><div class=\"testi-card-shape\" data-mask-src=\"http:\/\/ilmia.community\/wp-content\/uploads\/2026\/01\/559197703_738876025865210_56512220138918990_n.jpg\"><\/div><div class=\"testi-card_review\">\r\n\t                                <i class=\"fas fa-star\"><\/i>\r\n\t                              5.0\r\n\t                            <\/div><div class=\"testi-card_profile\"><div class=\"box-thumb\"><img decoding=\"async\" src=\"http:\/\/ilmia.community\/wp-content\/uploads\/2026\/01\/559197703_738876025865210_56512220138918990_n.jpg\" alt=\"559197703_738876025865210_56512220138918990_n\"  \/><div class=\"quote-icon\">\r\n\t                                    <i class=\"fal fa-quote-right\"><\/i>\r\n\t                                <\/div><\/div><div class=\"media-left\"><h3 class=\"testi-card_name\">Kin\u00e9 GUEYE<\/h3><span class=\"testi-card_desig\">CEO ILMIA<\/span><\/div><\/div><p class=\"testi-card_text\">Ilmia agit pour garantir l\u2019acc\u00e8s \u00e0 une \u00e9ducation de qualit\u00e9 aux enfants d\u00e9favoris\u00e9s, en accompagnant leur scolarisation \u00e0 travers des bourses, du mentorat, des\n\u00e9quipements et un soutien aux enseignants et aux familles. L\u2019association s\u2019engage \u00e9galement \u00e0 renforcer la r\u00e9silience des communaut\u00e9s en d\u00e9veloppant des\ninitiatives li\u00e9es \u00e0 l\u2019acc\u00e8s \u00e0 l\u2019eau potable, \u00e0 la pr\u00e9servation de l\u2019environnement et \u00e0 la promotion d\u2019un cadre de vie sain<\/p><\/div><\/div><div class=\"col-lg-6\"><div class=\"testi-card3\"><div class=\"testi-card-shape\" data-mask-src=\"http:\/\/ilmia.community\/wp-content\/uploads\/2026\/01\/559197703_738876025865210_56512220138918990_n.jpg\"><\/div><div class=\"testi-card_review\">\r\n\t                                <i class=\"fas fa-star\"><\/i>\r\n\t                              5.0\r\n\t                            <\/div><div class=\"testi-card_profile\"><div class=\"box-thumb\"><img decoding=\"async\" src=\"http:\/\/ilmia.community\/wp-content\/uploads\/2026\/01\/559197703_738876025865210_56512220138918990_n.jpg\" alt=\"559197703_738876025865210_56512220138918990_n\"  \/><div class=\"quote-icon\">\r\n\t                                    <i class=\"fal fa-quote-right\"><\/i>\r\n\t                                <\/div><\/div><div class=\"media-left\"><h3 class=\"testi-card_name\">Kin\u00e9 GUEYE<\/h3><span class=\"testi-card_desig\">CEO ILMIA<\/span><\/div><\/div><p class=\"testi-card_text\">Ilmia agit pour garantir l\u2019acc\u00e8s \u00e0 une \u00e9ducation de qualit\u00e9 aux enfants d\u00e9favoris\u00e9s, en accompagnant leur scolarisation \u00e0 travers des bourses, du mentorat, des\n\u00e9quipements et un soutien aux enseignants et aux familles. L\u2019association s\u2019engage \u00e9galement \u00e0 renforcer la r\u00e9silience des communaut\u00e9s en d\u00e9veloppant des\ninitiatives li\u00e9es \u00e0 l\u2019acc\u00e8s \u00e0 l\u2019eau potable, \u00e0 la pr\u00e9servation de l\u2019environnement et \u00e0 la promotion d\u2019un cadre de vie sain<\/p><\/div><\/div><div class=\"col-lg-6\"><div class=\"testi-card3\"><div class=\"testi-card-shape\" data-mask-src=\"http:\/\/ilmia.community\/wp-content\/uploads\/2026\/01\/559197703_738876025865210_56512220138918990_n.jpg\"><\/div><div class=\"testi-card_review\">\r\n\t                                <i class=\"fas fa-star\"><\/i>\r\n\t                              5.0\r\n\t                            <\/div><div class=\"testi-card_profile\"><div class=\"box-thumb\"><img decoding=\"async\" src=\"http:\/\/ilmia.community\/wp-content\/uploads\/2026\/01\/559197703_738876025865210_56512220138918990_n.jpg\" alt=\"559197703_738876025865210_56512220138918990_n\"  \/><div class=\"quote-icon\">\r\n\t                                    <i class=\"fal fa-quote-right\"><\/i>\r\n\t                                <\/div><\/div><div class=\"media-left\"><h3 class=\"testi-card_name\">Kin\u00e9 GUEYE<\/h3><span class=\"testi-card_desig\">CEO ILMIA<\/span><\/div><\/div><p class=\"testi-card_text\">Ilmia agit pour garantir l\u2019acc\u00e8s \u00e0 une \u00e9ducation de qualit\u00e9 aux enfants d\u00e9favoris\u00e9s, en accompagnant leur scolarisation \u00e0 travers des bourses, du mentorat, des\n\u00e9quipements et un soutien aux enseignants et aux familles. L\u2019association s\u2019engage \u00e9galement \u00e0 renforcer la r\u00e9silience des communaut\u00e9s en d\u00e9veloppant des\ninitiatives li\u00e9es \u00e0 l\u2019acc\u00e8s \u00e0 l\u2019eau potable, \u00e0 la pr\u00e9servation de l\u2019environnement et \u00e0 la promotion d\u2019un cadre de vie sain<\/p><\/div><\/div><div class=\"col-lg-6\"><div class=\"testi-card3\"><div class=\"testi-card-shape\" data-mask-src=\"http:\/\/ilmia.community\/wp-content\/uploads\/2026\/01\/559197703_738876025865210_56512220138918990_n.jpg\"><\/div><div class=\"testi-card_review\">\r\n\t                                <i class=\"fas fa-star\"><\/i>\r\n\t                              5.0\r\n\t                            <\/div><div class=\"testi-card_profile\"><div class=\"box-thumb\"><img decoding=\"async\" src=\"http:\/\/ilmia.community\/wp-content\/uploads\/2026\/01\/559197703_738876025865210_56512220138918990_n.jpg\" alt=\"559197703_738876025865210_56512220138918990_n\"  \/><div class=\"quote-icon\">\r\n\t                                    <i class=\"fal fa-quote-right\"><\/i>\r\n\t                                <\/div><\/div><div class=\"media-left\"><h3 class=\"testi-card_name\">Kin\u00e9 GUEYE<\/h3><span class=\"testi-card_desig\">CEO ILMIA<\/span><\/div><\/div><p class=\"testi-card_text\">Ilmia agit pour garantir l\u2019acc\u00e8s \u00e0 une \u00e9ducation de qualit\u00e9 aux enfants d\u00e9favoris\u00e9s, en accompagnant leur scolarisation \u00e0 travers des bourses, du mentorat, des\n\u00e9quipements et un soutien aux enseignants et aux familles. L\u2019association s\u2019engage \u00e9galement \u00e0 renforcer la r\u00e9silience des communaut\u00e9s en d\u00e9veloppant des\ninitiatives li\u00e9es \u00e0 l\u2019acc\u00e8s \u00e0 l\u2019eau potable, \u00e0 la pr\u00e9servation de l\u2019environnement et \u00e0 la promotion d\u2019un cadre de vie sain<\/p><\/div><\/div><div class=\"col-lg-6\"><div class=\"testi-card3\"><div class=\"testi-card-shape\" data-mask-src=\"http:\/\/ilmia.community\/wp-content\/uploads\/2026\/01\/559197703_738876025865210_56512220138918990_n.jpg\"><\/div><div class=\"testi-card_review\">\r\n\t                                <i class=\"fas fa-star\"><\/i>\r\n\t                              5.0\r\n\t                            <\/div><div class=\"testi-card_profile\"><div class=\"box-thumb\"><img decoding=\"async\" src=\"http:\/\/ilmia.community\/wp-content\/uploads\/2026\/01\/559197703_738876025865210_56512220138918990_n.jpg\" alt=\"559197703_738876025865210_56512220138918990_n\"  \/><div class=\"quote-icon\">\r\n\t                                    <i class=\"fal fa-quote-right\"><\/i>\r\n\t                                <\/div><\/div><div class=\"media-left\"><h3 class=\"testi-card_name\">Kin\u00e9 GUEYE<\/h3><span class=\"testi-card_desig\">CEO ILMIA<\/span><\/div><\/div><p class=\"testi-card_text\">Ilmia agit pour garantir l\u2019acc\u00e8s \u00e0 une \u00e9ducation de qualit\u00e9 aux enfants d\u00e9favoris\u00e9s, en accompagnant leur scolarisation \u00e0 travers des bourses, du mentorat, des\n\u00e9quipements et un soutien aux enseignants et aux familles. L\u2019association s\u2019engage \u00e9galement \u00e0 renforcer la r\u00e9silience des communaut\u00e9s en d\u00e9veloppant des\ninitiatives li\u00e9es \u00e0 l\u2019acc\u00e8s \u00e0 l\u2019eau potable, \u00e0 la pr\u00e9servation de l\u2019environnement et \u00e0 la promotion d\u2019un cadre de vie sain<\/p><\/div><\/div><\/div>\t\t\t\t<\/div>\n\t\t\t\t<\/div>\n\t\t\t\t\t<\/div>\n\t\t\t\t<\/div>\n\t\t\t\t<\/div>\n\t\t","protected":false},"excerpt":{"rendered":"<p>T\u00e9moignages Que disent nos b\u00e9n\u00e9ficiaires ? 5.0 Kin\u00e9 GUEYE CEO ILMIA Ilmia agit pour garantir l\u2019acc\u00e8s \u00e0 une \u00e9ducation de qualit\u00e9 aux enfants d\u00e9favoris\u00e9s, en accompagnant leur scolarisation \u00e0 travers des bourses, du mentorat, des \u00e9quipements et un soutien aux enseignants et aux familles. L\u2019association s\u2019engage \u00e9galement \u00e0 renforcer la r\u00e9silience des communaut\u00e9s en d\u00e9veloppant&#8230;<\/p>\n","protected":false},"author":1,"featured_media":0,"parent":0,"menu_order":0,"comment_status":"closed","ping_status":"closed","template":"template-builder.php","meta":{"give_campaign_id":0,"_monsterinsights_skip_tracking":false,"_monsterinsights_sitenote_active":false,"_monsterinsights_sitenote_note":"","_monsterinsights_sitenote_category":0,"footnotes":""},"class_list":["post-2935","page","type-page","status-publish","hentry"],"aioseo_notices":[],"campaignId":"","_links":{"self":[{"href":"https:\/\/ilmia.community\/index.php\/wp-json\/wp\/v2\/pages\/2935","targetHints":{"allow":["GET"]}}],"collection":[{"href":"https:\/\/ilmia.community\/index.php\/wp-json\/wp\/v2\/pages"}],"about":[{"href":"https:\/\/ilmia.community\/index.php\/wp-json\/wp\/v2\/types\/page"}],"author":[{"embeddable":true,"href":"https:\/\/ilmia.community\/index.php\/wp-json\/wp\/v2\/users\/1"}],"replies":[{"embeddable":true,"href":"https:\/\/ilmia.community\/index.php\/wp-json\/wp\/v2\/comments?post=2935"}],"version-history":[{"count":4,"href":"https:\/\/ilmia.community\/index.php\/wp-json\/wp\/v2\/pages\/2935\/revisions"}],"predecessor-version":[{"id":4826,"href":"https:\/\/ilmia.community\/index.php\/wp-json\/wp\/v2\/pages\/2935\/revisions\/4826"}],"wp:attachment":[{"href":"https:\/\/ilmia.community\/index.php\/wp-json\/wp\/v2\/media?parent=2935"}],"curies":[{"name":"wp","href":"https:\/\/api.w.org\/{rel}","templated":true}]}}