{"id":51,"date":"2024-09-26T09:27:45","date_gmt":"2024-09-26T09:27:45","guid":{"rendered":"https:\/\/wordpress.themehause.com\/donat\/?page_id=51"},"modified":"2026-01-16T10:46:49","modified_gmt":"2026-01-16T10:46:49","slug":"contact","status":"publish","type":"page","link":"https:\/\/ilmia.community\/index.php\/contact\/","title":{"rendered":"Contact"},"content":{"rendered":"\t\t<div data-elementor-type=\"wp-page\" data-elementor-id=\"51\" class=\"elementor elementor-51\" data-elementor-post-type=\"page\">\n\t\t\t\t<div class=\"elementor-element elementor-element-49df371 e-flex e-con-boxed e-con e-parent\" data-id=\"49df371\" data-element_type=\"container\">\n\t\t\t\t\t<div class=\"e-con-inner\">\n\t\t\r\n\t\t<div class=\"elementor-element elementor-element-62f22e8 elementor-widget elementor-widget-donatcontactinfo\" data-id=\"62f22e8\" data-element_type=\"widget\" data-widget_type=\"donatcontactinfo.default\">\n\t\t\t\t<div class=\"elementor-widget-container\">\n\t\t\t\t\t<div class=\"contact-wrap1\"><div class=\"row gx-60 gy-40\"><div class=\"col-xl-4 col-lg-5\"><div class=\"contact-feature\"><div class=\"box-icon\" data-theme-color=\"\"><i class=\"fas fa-map-location-dot\"><\/i><\/div><div class=\"media-body\"><h3 class=\"box-title\">Adresse<\/h3><p class=\"box-text\">Kaolack, S\u00e9n\u00e9gal<\/p><\/div><\/div><div class=\"contact-feature\"><div class=\"box-icon\" data-theme-color=\"#FFAC00\"><i class=\"fas fa-phone-volume\"><\/i><\/div><div class=\"media-body\"><h3 class=\"box-title\">T\u00e9l\u00e9phone<\/h3><p class=\"box-text\"> <p class=\"box-text\"><a href=\"tel:(+221) 77 496 13 21\">(+221) 77 496 13 21<\/a><\/p><\/p><\/div><\/div><div class=\"contact-feature\"><div class=\"box-icon\" data-theme-color=\"#122F2A\"><i class=\"fas fa-envelope\"><\/i><\/div><div class=\"media-body\"><h3 class=\"box-title\">Email<\/h3><p class=\"box-text\"> <p class=\"box-text\"><a href=\"mailto:Kinegueye@ilmia.community\">Kinegueye@ilmia.community<\/a><\/p><\/p><\/div><\/div><div class=\"contact-feature\"><div class=\"box-icon\" data-theme-color=\"#FF5528\"><i class=\"fas fa-comment-question\"><\/i><\/div><div class=\"media-body\"><h3 class=\"box-title\">Vous avez des questions ?<\/h3><p class=\"box-text\">Pour en savoir plus, rendez-nous visite ou rejoignez notre communaut\u00e9.<\/p><\/div><\/div><\/div><div class=\"col-xl-8 col-lg-7\"><div class=\"contact-map\"><iframe src=\"https:\/\/www.google.com\/maps\/embed?pb=!1m18!1m12!1m3!1d61898.23958745963!2d-16.11102222730278!3d14.157251537045175!2m3!1f0!2f0!3f0!3m2!1i1024!2i768!4f13.1!3m3!1m2!1s0xee995b0f6e1af81%3A0x27996761ffc27606!2sKaolack!5e0!3m2!1sfr!2ssn!4v1768559845468!5m2!1sfr!2ssn%20width=600%20height=450%20style=border:0;%20allowfullscreen=%20loading=lazy%20referrerpolicy=no-referrer-when-downgrade\" allowfullscreen=\"\" loading=\"lazy\"><\/iframe><\/div><\/div><\/div><\/div>\t\t\t\t<\/div>\n\t\t\t\t<\/div>\n\t\t\t\t\t<\/div>\n\t\t\t\t<\/div>\n\t\t<div class=\"elementor-element elementor-element-e230c6b contact-page-form-wrap  e-flex e-con-boxed e-con e-parent\" data-id=\"e230c6b\" data-element_type=\"container\">\n\t\t\t\t\t<div class=\"e-con-inner\">\n\t\t<div class=\"elementor-element elementor-element-f2811b0 e-con-full e-flex e-con e-child\" data-id=\"f2811b0\" data-element_type=\"container\">\n\t\t\t\t<div class=\"elementor-element elementor-element-9ec7fc3 elementor-widget elementor-widget-donatimage\" data-id=\"9ec7fc3\" data-element_type=\"widget\" data-widget_type=\"donatimage.default\">\n\t\t\t\t<div class=\"elementor-widget-container\">\n\t\t\t\t\t<div class=\"img-box2\"><div class=\"img1\"><img decoding=\"async\" src=\"http:\/\/ilmia.community\/wp-content\/uploads\/2026\/01\/559197703_738876025865210_56512220138918990_n.jpg\" alt=\"559197703_738876025865210_56512220138918990_n\"  \/><\/div><\/div>\t\t\t\t<\/div>\n\t\t\t\t<\/div>\n\t\t\t\t<\/div>\n\t\t<div class=\"elementor-element elementor-element-84e2eb2 e-con-full e-flex e-con e-child\" data-id=\"84e2eb2\" data-element_type=\"container\">\n\t\t\t\t<div class=\"elementor-element elementor-element-017cde7 elementor-widget elementor-widget-donatcontactform\" data-id=\"017cde7\" data-element_type=\"widget\" data-widget_type=\"donatcontactform.default\">\n\t\t\t\t<div class=\"elementor-widget-container\">\n\t\t\t\t\t<div class=\"add-team-form\"><div class=\"contact-form ajax-contact\">\n<div class=\"wpcf7 no-js\" id=\"wpcf7-f3141-o1\" lang=\"en-US\" dir=\"ltr\" data-wpcf7-id=\"3141\">\n<div class=\"screen-reader-response\"><p role=\"status\" aria-live=\"polite\" aria-atomic=\"true\"><\/p> <ul><\/ul><\/div>\n<form action=\"\/index.php\/wp-json\/wp\/v2\/pages\/51#wpcf7-f3141-o1\" method=\"post\" class=\"wpcf7-form init\" aria-label=\"Contact form\" novalidate=\"novalidate\" data-status=\"init\">\n<fieldset class=\"hidden-fields-container\"><input type=\"hidden\" name=\"_wpcf7\" value=\"3141\" \/><input type=\"hidden\" name=\"_wpcf7_version\" value=\"6.1.4\" \/><input type=\"hidden\" name=\"_wpcf7_locale\" value=\"en_US\" \/><input type=\"hidden\" name=\"_wpcf7_unit_tag\" value=\"wpcf7-f3141-o1\" \/><input type=\"hidden\" name=\"_wpcf7_container_post\" value=\"0\" \/><input type=\"hidden\" name=\"_wpcf7_posted_data_hash\" value=\"\" \/>\n<\/fieldset>\n<div class=\"row\">\n                        <div class=\"form-group style-border col-12\">\n<span class=\"wpcf7-form-control-wrap\" data-name=\"text-394\"><input size=\"40\" maxlength=\"400\" class=\"wpcf7-form-control wpcf7-text wpcf7-validates-as-required\" aria-required=\"true\" aria-invalid=\"false\" placeholder=\"Votre Nom\" value=\"\" type=\"text\" name=\"text-394\" \/><\/span>\n                        <\/div>\n                        <div class=\"form-group style-border col-12\">\n<span class=\"wpcf7-form-control-wrap\" data-name=\"email-709\"><input size=\"40\" maxlength=\"400\" class=\"wpcf7-form-control wpcf7-email wpcf7-validates-as-required wpcf7-text wpcf7-validates-as-email form-control\" aria-required=\"true\" aria-invalid=\"false\" placeholder=\"Adresse Email\" value=\"\" type=\"email\" name=\"email-709\" \/><\/span>\n                        <\/div>\n                        <div class=\"form-group style-border col-12\">\n<span class=\"wpcf7-form-control-wrap\" data-name=\"number-296\"><input class=\"wpcf7-form-control wpcf7-number wpcf7-validates-as-required wpcf7-validates-as-number form-control\" aria-required=\"true\" aria-invalid=\"false\" placeholder=\"Num\u00e9ro T\u00e9l\u00e9phone\" value=\"\" type=\"number\" name=\"number-296\" \/><\/span>\n                        <\/div>\n                        <div class=\"form-group style-border col-12\">\n<span class=\"wpcf7-form-control-wrap\" data-name=\"textarea-678\"><textarea cols=\"40\" rows=\"10\" maxlength=\"2000\" class=\"wpcf7-form-control wpcf7-textarea wpcf7-validates-as-required form-control\" aria-required=\"true\" aria-invalid=\"false\" placeholder=\"Votre Message\" name=\"textarea-678\"><\/textarea><\/span>\n                        <\/div>\n                        <div class=\"form-btn col-12\">\n                            <button class=\"th-btn\">Envoyez Message<\/button>\n                        <\/div>\n                    <\/div><div class=\"wpcf7-response-output\" aria-hidden=\"true\"><\/div>\n<\/form>\n<\/div>\n<\/div><\/div>\t\t\t\t<\/div>\n\t\t\t\t<\/div>\n\t\t\t\t<\/div>\n\t\t\t\t\t<\/div>\n\t\t\t\t<\/div>\n\t\t\t\t<\/div>\n\t\t","protected":false},"excerpt":{"rendered":"<p>Adresse Kaolack, S\u00e9n\u00e9gal T\u00e9l\u00e9phone (+221) 77 496 13 21 Email Kinegueye@ilmia.community Vous avez des questions ? Pour en savoir plus, rendez-nous visite ou rejoignez notre communaut\u00e9. Envoyez Message<\/p>\n","protected":false},"author":1,"featured_media":0,"parent":0,"menu_order":0,"comment_status":"closed","ping_status":"closed","template":"template-builder.php","meta":{"give_campaign_id":0,"_monsterinsights_skip_tracking":false,"_monsterinsights_sitenote_active":false,"_monsterinsights_sitenote_note":"","_monsterinsights_sitenote_category":0,"footnotes":""},"class_list":["post-51","page","type-page","status-publish","hentry"],"aioseo_notices":[],"campaignId":"","_links":{"self":[{"href":"https:\/\/ilmia.community\/index.php\/wp-json\/wp\/v2\/pages\/51","targetHints":{"allow":["GET"]}}],"collection":[{"href":"https:\/\/ilmia.community\/index.php\/wp-json\/wp\/v2\/pages"}],"about":[{"href":"https:\/\/ilmia.community\/index.php\/wp-json\/wp\/v2\/types\/page"}],"author":[{"embeddable":true,"href":"https:\/\/ilmia.community\/index.php\/wp-json\/wp\/v2\/users\/1"}],"replies":[{"embeddable":true,"href":"https:\/\/ilmia.community\/index.php\/wp-json\/wp\/v2\/comments?post=51"}],"version-history":[{"count":15,"href":"https:\/\/ilmia.community\/index.php\/wp-json\/wp\/v2\/pages\/51\/revisions"}],"predecessor-version":[{"id":4755,"href":"https:\/\/ilmia.community\/index.php\/wp-json\/wp\/v2\/pages\/51\/revisions\/4755"}],"wp:attachment":[{"href":"https:\/\/ilmia.community\/index.php\/wp-json\/wp\/v2\/media?parent=51"}],"curies":[{"name":"wp","href":"https:\/\/api.w.org\/{rel}","templated":true}]}}