{"id":4756,"date":"2026-01-16T12:36:32","date_gmt":"2026-01-16T12:36:32","guid":{"rendered":"https:\/\/ilmia.community\/?post_type=product&#038;p=4756"},"modified":"2026-01-16T12:44:51","modified_gmt":"2026-01-16T12:44:51","slug":"nous-soutenir","status":"publish","type":"product","link":"https:\/\/ilmia.community\/index.php\/product\/nous-soutenir\/","title":{"rendered":"Nous soutenir !"},"content":{"rendered":"<p>Un acc\u00e8s limit\u00e9 \u00e0 l\u2019\u00e9ducation fragilise d\u2019abord les familles : revenus r\u00e9duits, recours au travail des enfants et maintien des in\u00e9galit\u00e9s de genre, qui freinent l\u2019autonomie des filles et des femmes.<\/p>\n","protected":false},"excerpt":{"rendered":"<p>Un acc\u00e8s limit\u00e9 \u00e0 l\u2019\u00e9ducation fragilise d\u2019abord les familles : revenus r\u00e9duits, recours au travail des enfants et maintien des in\u00e9galit\u00e9s de genre, qui freinent l\u2019autonomie des filles et des femmes.<\/p>\n","protected":false},"featured_media":4639,"comment_status":"open","ping_status":"closed","template":"","meta":{"give_campaign_id":0,"_monsterinsights_skip_tracking":false,"_monsterinsights_sitenote_active":false,"_monsterinsights_sitenote_note":"","_monsterinsights_sitenote_category":0},"product_brand":[],"product_cat":[15],"product_tag":[],"class_list":{"0":"post-4756","1":"product","2":"type-product","3":"status-publish","4":"has-post-thumbnail","6":"product_cat-uncategorized","8":"first","9":"instock","10":"virtual","11":"purchasable","12":"product-type-simple"},"aioseo_notices":[],"_links":{"self":[{"href":"https:\/\/ilmia.community\/index.php\/wp-json\/wp\/v2\/product\/4756","targetHints":{"allow":["GET"]}}],"collection":[{"href":"https:\/\/ilmia.community\/index.php\/wp-json\/wp\/v2\/product"}],"about":[{"href":"https:\/\/ilmia.community\/index.php\/wp-json\/wp\/v2\/types\/product"}],"replies":[{"embeddable":true,"href":"https:\/\/ilmia.community\/index.php\/wp-json\/wp\/v2\/comments?post=4756"}],"wp:featuredmedia":[{"embeddable":true,"href":"https:\/\/ilmia.community\/index.php\/wp-json\/wp\/v2\/media\/4639"}],"wp:attachment":[{"href":"https:\/\/ilmia.community\/index.php\/wp-json\/wp\/v2\/media?parent=4756"}],"wp:term":[{"taxonomy":"product_brand","embeddable":true,"href":"https:\/\/ilmia.community\/index.php\/wp-json\/wp\/v2\/product_brand?post=4756"},{"taxonomy":"product_cat","embeddable":true,"href":"https:\/\/ilmia.community\/index.php\/wp-json\/wp\/v2\/product_cat?post=4756"},{"taxonomy":"product_tag","embeddable":true,"href":"https:\/\/ilmia.community\/index.php\/wp-json\/wp\/v2\/product_tag?post=4756"}],"curies":[{"name":"wp","href":"https:\/\/api.w.org\/{rel}","templated":true}]}}